{"id":14,"date":"2025-01-22T14:08:02","date_gmt":"2025-01-22T14:08:02","guid":{"rendered":"https:\/\/biuro.narodu.pl\/?page_id=14"},"modified":"2025-01-22T15:16:13","modified_gmt":"2025-01-22T15:16:13","slug":"nakierowania-co-do-sprawy","status":"publish","type":"page","link":"https:\/\/biuro.narodu.pl\/index.php\/nakierowania-co-do-sprawy\/","title":{"rendered":"NAKIEROWANIA CO DO SPRAWY"},"content":{"rendered":"<h4>Gdzie odnale\u017a\u0107 wici bardziej w\u0142a\u015bciwe co do sprawy?<\/h4>\n<ul>\n<li>\n<p align=\"justify\"><b>Z<\/b><b>wierzchni<\/b><b>e<\/b><b> instytucj<\/b><b>e<\/b><b> narodow<\/b><b>e<\/b><b> i narz\u0119dzi<\/b><b>a<\/b><b> konstytucyjn<\/b><b>e<\/b><b>, czyli zbiorczo o tym co i jak czynimy <a href=\"https:\/\/wladza.narodu.pl\/\">ZAPOZNAJ WI\u0118CEJ<\/a> <\/b>na witrynie W\u0142adza Narodu<b><br \/>\n<\/b><\/p>\n<p align=\"justify\">\n<\/li>\n<li>\n<p align=\"justify\"><b>Rozpatrywanie spraw, kasacja wyrok\u00f3w, wyroki nakazowe, <\/b><b>pozwy zbiorowe Narodu<\/b><b> w zakresie <\/b><b>orzecznictw karnych, skarbowych, podatkowych, finansowych, po\u017cyczkowych, chorobowych, radiacyjnych, bytowych<\/b> <a href=\"https:\/\/sad.narodu.pl\/\">ZAPOZNAJ WI\u0118CEJ<\/a> na witrynach Mi\u0119dzynarodowego S\u0105du Lachickiego<\/p>\n<p align=\"justify\">\n<\/li>\n<li>\n<p align=\"justify\"><b>Wykaz D\u0142u\u017cnik\u00f3w Narodu, rozwi\u0105zania dla przedsi\u0119biorc\u00f3w, <\/b><b>uwolnienia dzia\u0142alno\u015bci, zawodowe<\/b> <a href=\"https:\/\/urzad.narodu.pl\/\">ZAPOZNAJ WI\u0118CEJ<\/a> na witrynie Urz\u0119du Narodu Cywilnej i Demokratycznej Kontroli<\/p>\n<\/li>\n<\/ul>\n<ul>\n<li>\n<p align=\"justify\"><b>Orzecznictwa <\/b><b>rodzinn<\/b><b>e<\/b><b>, edukacyjn<\/b><b>e<\/b><b>, opieku\u0144cz<\/b><b>e, zdrowotne, <\/b><b>edukacja narodowa<\/b> <a href=\"https:\/\/zrzeszenia.narodu.pl\/\">ZAPOZNAJ WI\u0118CEJ<\/a> na witrynach Mi\u0119dzynarodowego Zrzeszenia Rodzic\u00f3w i Mi\u0119dzynarodowego Zrzeszenia Terapeut\u00f3w<\/p>\n<p align=\"justify\">\n<\/li>\n<li>\n<p align=\"justify\"><b>U<\/b><b>przywilejowania<\/b><b> pojazd\u00f3w i narodowe przedstawicielstwa<\/b> <a href=\"https:\/\/unia.lachicka.pl\/\">ZAPOZNAJ WI\u0118CEJ<\/a> na witrynie Unii Lachickiej<\/p>\n<p align=\"justify\">\n<\/li>\n<li>\n<p align=\"justify\"><b>R<\/b><b>ozporz\u0105dze<\/b><b>nia<\/b><b> i ustaw<\/b><b>y<\/b><b> Narodu, obs\u0142uguj\u0105c<\/b><b>e<\/b><b> Konstytucj\u0119 <\/b><a href=\"https:\/\/dziennik.narodu.pl\/\">ZAPOZNAJ WI\u0118CEJ<\/a> na witrynie Dziennik Narodu<\/p>\n<p align=\"justify\">\n<\/li>\n<li>\n<p align=\"justify\"><b>Wici dotycz\u0105ce wydarze\u0144, warsztat\u00f3w, spraw organizacyjnych, <\/b><b>witryn narodowych <\/b><b>i wsp\u00f3\u0142pracy<\/b> <a href=\"https:\/\/biuro.narodu.pl\/\">ZAPOZNAJ WI\u0118CEJ<\/a> na witrynie Biuro Narodu<\/p>\n<p align=\"justify\">\n<\/li>\n<li>\n<p align=\"justify\"><b>Do obejrzenia, pos\u0142uchania <a href=\"https:\/\/www.youtube.com\/channel\/UCQ1k-23A8aJXotveQiQcGaw\">ZAPOZNAJ WI\u0118CEJ<\/a> G\u0142os Narodu<\/b><\/p>\n<\/li>\n<\/ul>\n","protected":false},"excerpt":{"rendered":"<p>Gdzie odnale\u017a\u0107 wici bardziej w\u0142a\u015bciwe co do sprawy? Zwierzchnie instytucje narodowe i narz\u0119dzia konstytucyjne, czyli zbiorczo o tym co i jak czynimy ZAPOZNAJ WI\u0118CEJ na witrynie W\u0142adza Narodu Rozpatrywanie spraw, [&hellip;]<\/p>\n","protected":false},"author":1,"featured_media":0,"parent":0,"menu_order":0,"comment_status":"closed","ping_status":"closed","template":"","meta":{"footnotes":""},"class_list":["post-14","page","type-page","status-publish","hentry"],"_links":{"self":[{"href":"https:\/\/biuro.narodu.pl\/index.php\/wp-json\/wp\/v2\/pages\/14","targetHints":{"allow":["GET"]}}],"collection":[{"href":"https:\/\/biuro.narodu.pl\/index.php\/wp-json\/wp\/v2\/pages"}],"about":[{"href":"https:\/\/biuro.narodu.pl\/index.php\/wp-json\/wp\/v2\/types\/page"}],"author":[{"embeddable":true,"href":"https:\/\/biuro.narodu.pl\/index.php\/wp-json\/wp\/v2\/users\/1"}],"replies":[{"embeddable":true,"href":"https:\/\/biuro.narodu.pl\/index.php\/wp-json\/wp\/v2\/comments?post=14"}],"version-history":[{"count":10,"href":"https:\/\/biuro.narodu.pl\/index.php\/wp-json\/wp\/v2\/pages\/14\/revisions"}],"predecessor-version":[{"id":41,"href":"https:\/\/biuro.narodu.pl\/index.php\/wp-json\/wp\/v2\/pages\/14\/revisions\/41"}],"wp:attachment":[{"href":"https:\/\/biuro.narodu.pl\/index.php\/wp-json\/wp\/v2\/media?parent=14"}],"curies":[{"name":"wp","href":"https:\/\/api.w.org\/{rel}","templated":true}]}}